{"id":143,"date":"2024-05-21T09:15:49","date_gmt":"2024-05-21T09:15:49","guid":{"rendered":"https:\/\/elisabethlouy.com\/Line-Emotion\/?page_id=143"},"modified":"2024-05-21T09:15:49","modified_gmt":"2024-05-21T09:15:49","slug":"biografia","status":"publish","type":"page","link":"https:\/\/elisabethlouy.com\/Line-Emotion\/biografia\/","title":{"rendered":"Biograf\u00eda"},"content":{"rendered":"<div id=\"attachment_144\" style=\"width: 310px\" class=\"wp-caption alignright\"><img loading=\"lazy\" decoding=\"async\" aria-describedby=\"caption-attachment-144\" class=\"size-medium wp-image-144\" src=\"https:\/\/elisabethlouy.com\/Line-Emotion\/wp-content\/uploads\/2024\/05\/Elisabeth-Louy-300x267.png\" alt=\"\" width=\"300\" height=\"267\" srcset=\"https:\/\/elisabethlouy.com\/Line-Emotion\/wp-content\/uploads\/2024\/05\/Elisabeth-Louy-300x267.png 300w, https:\/\/elisabethlouy.com\/Line-Emotion\/wp-content\/uploads\/2024\/05\/Elisabeth-Louy.png 588w\" sizes=\"(max-width: 300px) 100vw, 300px\" \/><p id=\"caption-attachment-144\" class=\"wp-caption-text\">\u00a0 \u00a0 \u00a0 \u00a0 \u00a0 \u00a0 \u00a0 \u00a0 \u00a0 \u00a0 \u00a0 \u00a0 \u00a0 \u00a0 \u00a0Elisabeth Louy<\/p><\/div>\n<p>Afincada en Ibiza desde hace algunos a\u00f1os, Elisabeth Louy tiene dos pasiones claramente definidas: sus dos hijas, que constituyen su cable a tierra, y la sensibilidad que le despiertan las l\u00edneas y el dibujo.<\/p>\n<p>&nbsp;<\/p>\n<p>\u201cDisfruto mucho trabajando la l\u00ednea, s\u00f3lo la l\u00ednea, pero tambi\u00e9n me gusta trabajar el dibujo\u201d; la mirada es fundamental. Si verdaderamente hay sinceridad en la mirada, yo intento sacar la expresi\u00f3n naural a trav\u00e9s de ella, lo que espresa en ese instante\u201d, afirma esta artista capaz de combinar su mirada con su mano, a trav\u00e9s de la mente, para poder plasmar en el papel lo que est\u00e1n viendo sus ojos, sin necesidad de observar el dibujo ni de levantar el l\u00e1piz, convirtiendo un solo trazo, infinito, en una obra de arte.<\/p>\n<p>&nbsp;<\/p>\n<p>\u201cEmpec\u00e9 a dibujar a los 4 a\u00f1os\u201d, afirma la artista, que desde esa edad comenz\u00f3 a formarse, combinando sus estudios en Europa y Estados Unidos, por lo que su extensa carrera se desarroll\u00f3 a ambos lados del Atl\u00e1ntico, con exposiciones en salones de Par\u00eds, Barcelona, Mil\u00e1n y otras ciudades europeas, y en New York y Canad\u00e1.<\/p>\n","protected":false},"excerpt":{"rendered":"<p>Afincada en Ibiza desde hace algunos a\u00f1os, Elisabeth Louy tiene dos pasiones claramente definidas: sus dos hijas, que constituyen su cable a tierra, y la sensibilidad que le despiertan las l\u00edneas y el dibujo. &nbsp; \u201cDisfruto mucho trabajando la l\u00ednea, s\u00f3lo la l\u00ednea, pero tambi\u00e9n me gusta trabajar el dibujo\u201d; la mirada es fundamental. Si [&hellip;]<\/p>\n","protected":false},"author":1,"featured_media":0,"parent":0,"menu_order":0,"comment_status":"closed","ping_status":"closed","template":"","meta":{"ngg_post_thumbnail":0,"footnotes":""},"_links":{"self":[{"href":"https:\/\/elisabethlouy.com\/Line-Emotion\/wp-json\/wp\/v2\/pages\/143"}],"collection":[{"href":"https:\/\/elisabethlouy.com\/Line-Emotion\/wp-json\/wp\/v2\/pages"}],"about":[{"href":"https:\/\/elisabethlouy.com\/Line-Emotion\/wp-json\/wp\/v2\/types\/page"}],"author":[{"embeddable":true,"href":"https:\/\/elisabethlouy.com\/Line-Emotion\/wp-json\/wp\/v2\/users\/1"}],"replies":[{"embeddable":true,"href":"https:\/\/elisabethlouy.com\/Line-Emotion\/wp-json\/wp\/v2\/comments?post=143"}],"version-history":[{"count":1,"href":"https:\/\/elisabethlouy.com\/Line-Emotion\/wp-json\/wp\/v2\/pages\/143\/revisions"}],"predecessor-version":[{"id":145,"href":"https:\/\/elisabethlouy.com\/Line-Emotion\/wp-json\/wp\/v2\/pages\/143\/revisions\/145"}],"wp:attachment":[{"href":"https:\/\/elisabethlouy.com\/Line-Emotion\/wp-json\/wp\/v2\/media?parent=143"}],"curies":[{"name":"wp","href":"https:\/\/api.w.org\/{rel}","templated":true}]}}